{"id":303,"date":"2021-01-16T19:21:55","date_gmt":"2021-01-16T18:21:55","guid":{"rendered":"https:\/\/ki-osa.informatik.fh-nuernberg.de\/intervention\/?page_id=303"},"modified":"2021-01-18T15:12:03","modified_gmt":"2021-01-18T14:12:03","slug":"datenschutz","status":"publish","type":"page","link":"https:\/\/www.studiengangstest.de\/intervention\/index.php\/datenschutz\/","title":{"rendered":"Datenschutz"},"content":{"rendered":"<p><\/p>\n<p><strong>Dies ist die Datenschutzerkl\u00e4rung von:<\/strong><\/p>\n<p><\/p>\n<p><\/p>\n<p>Technische Hochschule N\u00fcrnberg Georg Simon Ohm<br \/>Ke\u00dflerplatz 12<br \/>90489 N\u00fcrnberg<br \/>&#8211; im folgenden TH N\u00fcrnberg genannt &#8211;<\/p>\n<p><\/p>\n<p><\/p>\n<p>Die TH N\u00fcrnberg nimmt den Datenschutz ernst. Die Erhebung Ihrer Daten erfolgt im Rahmen der gesetzlichen Vorschriften. \u00dcber diese k\u00f6nnen Sie sich unter <a rel=\"noreferrer noopener\" href=\"https:\/\/www.datenschutz.de\/\" target=\"_blank\">www.datenschutz.de<\/a> umfassend informieren.<\/p>\n<p><\/p>\n<p><\/p>\n<p>Der Datenschutzbeauftragte der TH N\u00fcrnberg, Dr. Lars Kulke, ist erreichbar unter <a href= \"mailto:datenschutz@th-nuernberg.de\">datenschutz@th-nuernberg.de<\/a><\/p>\n<p><\/p>\n<p><\/p>\n<p><strong>Grunds\u00e4tzlich gilt:<\/strong><\/p>\n<p><\/p>\n<p><\/p>\n<p>Um die Sicherheit Ihrer Daten angemessen bei der \u00dcbertragung zu sch\u00fctzen, verwenden wir orientiert am aktuellen Stand der Technik entsprechende Verschl\u00fcsselungsverfahren (z. B. SSL\/TLS) und gesicherte  technische Systeme.<\/p>\n<p><\/p>\n<p><\/p>\n<p>F\u00fcr die Webseiten wird als aktive Komponente Javascript verwendet.<br \/>\nSollten Sie diese Funktion in Ihrem Browser abgestellt haben, erhalten<br \/>\nSie einen entsprechenden Hinweis, die Funktion zu aktivieren. Beim<br \/>\nZugriff eines Nutzers auf eine Seite der TH N\u00fcrnberg und beim Abruf<br \/>\neiner Datei k\u00f6nnen \u00fcber diesen Vorgang Daten in einer Protokolldatei<br \/>\ngespeichert werden. Im Einzelnen wird dann folgender Datensatz<br \/>\ngespeichert:<\/p>\n<p><\/p>\n<p><\/p>\n<ul class=\"wp-block-list\">\n<li>Name der abgerufenen Datei<\/li>\n<li>Datum und Uhrzeit des Abrufs<\/li>\n<li>\u00dcbertragene Datenmenge<\/li>\n<li>Meldung, ob der Abruf erfolgreich war<\/li>\n<li>Beschreibung des Typs des verwendeten Webbrowsers<\/li>\n<li>anfragende Domain<\/li>\n<\/ul>\n<p><\/p>\n<p><\/p>\n<p>Eine L\u00f6schung dieser Statistik-Rohdaten erfolgt nach Abschluss des durch den Nutzer veranlassten Vorgangs.<\/p>\n<p><\/p>\n<p><\/p>\n<p>F\u00fcr die Nutzung der Seiten der TH N\u00fcrnberg kann es erforderlich sein,<br \/>\n dass von den Servern der TH N\u00fcrnberg Cookies gesetzt werden. Es werden<br \/>\nzwei Arten von Cookies eingesetzt.<\/p>\n<p><\/p>\n<p><\/p>\n<ul class=\"wp-block-list\">\n<li>Session-Cookies werden zum<br \/>\n Teil f\u00fcr die Navigation auf den Portalen der TH N\u00fcrnberg ben\u00f6tigt.<br \/>\nSession Cookies verlieren ihre G\u00fcltigkeit, wenn der Browser geschlossen<br \/>\nwird oder eine bestimmte Zeit keine Aktivit\u00e4t auf den Seiten der TH<br \/>\nN\u00fcrnberg stattfindet. Bei einer Nutzung des personalisierten Bereichs<br \/>\ndes TH N\u00fcrnberg \u2013 Portals muss dann ein erneutes Einloggen erfolgen.<\/li>\n<li>Cookies<br \/>\n zur Bereitstellung verschiedener Dienste haben einen definierten<br \/>\nG\u00fcltigkeitszeitraum, der jeweils abh\u00e4ngig von der speziellen Anwendung<br \/>\nist.<\/li>\n<\/ul>\n<p><\/p>\n<p><\/p>\n<p><strong>Regelfristen zur Datenl\u00f6schung:<\/strong><br \/>\nAufgrund gesetzlicher Bestimmungen gelten bestimmte<br \/>\nAufbewahrungspflichten und -fristen. Nach Ablauf dieser Fristen werden<br \/>\ndie entsprechenden Daten routinem\u00e4\u00dfig gel\u00f6scht. Im \u00dcbrigen werden<br \/>\npersonenbezogene Daten gel\u00f6scht, sobald sie zur Erf\u00fcllung des Zwecks, zu<br \/>\n dem sie erhoben wurden, nicht mehr erforderlich sind oder die<br \/>\nLegitimationsgrundlage f\u00fcr den Datenumgang entf\u00e4llt (z. B. durch den<br \/>\nWiderruf einer Einwilligung). So werden auch beim Ausscheiden einer<br \/>\nMitarbeiterin\/eines Mitarbeiters aus der Hochschulorganisation,<br \/>\ninnerhalb eines angemessen Zeitraums alle hierzu geh\u00f6renden Eintr\u00e4ge aus<br \/>\n der Personendatenbank gel\u00f6scht, alle sonstigen redaktionellen Eintr\u00e4ge<br \/>\nauf Hochschulwebseiten hingegen erst auf Widerruf. F\u00fcr L\u00f6schungen<br \/>\npersonenbezogener Eintr\u00e4ge und Verlinkungen zu Internetsuchmaschinen<br \/>\nanderer Verantwortlichen ist grunds\u00e4tzlich jeder selbst verantwortlich.<\/p>\n<p><\/p>\n<p><\/p>\n<p><strong>Nutzungsanalyse mit Matomo: <\/strong>Die TH N\u00fcrnberg nutzt<br \/>\nzur statistischen Auswertung dieses Webangebots die Open-Source-Software<br \/>\n Matomo. Hierbei anfallenden Informationen werden nur innerhalb der TH<br \/>\nN\u00fcrnberg verarbeitet und ausgewertet.<\/p>\n<p><\/p>\n<p><\/p>\n<p>Erfasste Daten werden nicht an Dritte weitergegeben. Sie dienen der<br \/>\nIdentifikation und Verbesserung relevanter Inhalte des<br \/>\nInternetangebotes. IP-Adressen werden in diesem Zusammenhang sofort nach<br \/>\n der Verarbeitung und vor deren Speicherung anonymisiert.<\/p>\n<p><\/p>\n<p><\/p>\n<p>Matomo &#8211; ehemals Piwik &#8211; ist nach den Empfehlungen des Unabh\u00e4ngigen<br \/>\nLandeszentrums f\u00fcr Datenschutz (ULD) Schleswig-Holstein konfiguriert und<br \/>\n folgt den geltenden Datenschutzbestimmungen.<\/p>\n<p><\/p>\n<p><\/p>\n<p>Durch die Nutzung dieses Internetangebots erkl\u00e4ren Sie sich mit der<br \/>\nBearbeitung der \u00fcber Sie erhobenen Daten in der zuvor beschriebenen Art<br \/>\nund Weise und nur zu dem zuvor benannten Zweck einverstanden. Sie k\u00f6nnen<br \/>\n die Nutzungsanalyse durch Matomo mit der nachfolgend eingeblendeten<br \/>\nSchaltfl\u00e4che unterbinden.<\/p>\n<p><\/p>\n<p><\/p>\n<p>Sie k\u00f6nnen sich hier entscheiden, ob in Ihrem Browser ein eindeutiger<br \/>\n Webanalyse-Cookie abgelegt werden darf, um dem Betreiber der Website<br \/>\ndie Erfassung und Analyse verschiedener statistischer Daten zu<br \/>\nerm\u00f6glichen. <\/p>\n<p><\/p>\n<p><\/p>\n<p>Wenn Sie sich dagegen entscheiden m\u00f6chten, klicken Sie den folgenden<br \/>\nLink, um den Matomo-Deaktivierungs-Cookie in Ihrem Browser abzulegen.<\/p>\n<p><\/p>\n<p><\/p>\n<h5 class=\"wp-block-heading\">Matomo Opt-Out<\/h5>\n<p><\/p>\n<p><\/p>\n<p>Die gesammelten Daten dienen der Optimierung von Navigation und<br \/>\nInhalten auf den Seiten der TH N\u00fcrnberg. Die Untersuchung der Daten<br \/>\nerfolgt ganzheitlich, d.h. eine Auswertung von User basierenden<br \/>\nEinzeldaten wird explizit nicht durchgef\u00fchrt. Die gesammelten Daten<br \/>\nwerden externen Dritten nicht zugef\u00fchrt.<\/p>\n<p><\/p>\n<p><\/p>\n<p>Die im Rahmen der Registrierung von Nutzern gemachten Angaben werden<br \/>\nin anonymisierter Form zu statistischen Zwecken von der TH N\u00fcrnberg<br \/>\nausgewertet. Ein Verkauf von Adressen an Dritte findet nicht statt.<\/p>\n<p><\/p>\n<p><\/p>\n<p>User, die sich auf dem Portal der TH N\u00fcrnberg registrieren, sind<br \/>\nnicht mehr anonym. Bei jedem Einlog-Vorgang auf unseren Seiten k\u00f6nnen<br \/>\ndie User die Dienste der TH N\u00fcrnberg nutzen, in Abh\u00e4ngigkeit des<br \/>\ngew\u00e4hlten Service und der User-Berechtigung. Wendet sich ein<br \/>\nregistrierter User an den IT-Support der TH N\u00fcrnberg, wird ein Ticket<br \/>\n\u00fcber den Vorfall erstellt. Dieses Ticket wird gespeichert, um bei<br \/>\nwiederholten Anfragen des Kunden eine Beratungshistorie f\u00fcr eine<br \/>\nschnelle Bearbeitung f\u00fcr den Kunden erreichen zu k\u00f6nnen.<\/p>\n<p><\/p>\n<p><\/p>\n<p>Bei der Nutzung von E-Mail-Adressen, die durch die TH N\u00fcrnberg<br \/>\nbereitgestellt werden, werden s\u00e4mtliche eingehende E-Mails durch<br \/>\nverschiedene automatisierte Verfahren untersucht:<\/p>\n<p><\/p>\n<p><\/p>\n<ul class=\"wp-block-list\">\n<li><em>Greylisting:<\/em><br \/>\n Die TH N\u00fcrnberg setzt Greylisting zum Schutz vor Spam ein. Dabei werden<br \/>\n an der Hochschule ankommende Mails zun\u00e4chst abgelehnt. Der Server, von<br \/>\ndem die Mail kam, wird aufgefordert &#8222;Try again later&#8220;. RFC-konforme<br \/>\nServer tun das und schicken die Mail nach einiger Zeit noch einmal. Dann<br \/>\n wird die Mail angenommen und zugestellt. Der Absender der Mail bemerkt<br \/>\ndavon nichts au\u00dfer einer Verz\u00f6gerung beider Zustellung der Mail. Nicht<br \/>\nzu RFC-Richtlinien konforme Server (h\u00e4ufig Spammer) k\u00f6nnen diese<br \/>\nwiederholte Zustellung meist nicht.<\/li>\n<li><em>Virenscanner: <\/em>wird<br \/>\nein Virus in einer E-Mail festgestellt, so wird die E-Mail aus<br \/>\nSicherheitsgr\u00fcnden sofort gel\u00f6scht. Der Empf\u00e4nger erh\u00e4lt eine<br \/>\nentsprechende automatisierte E-Mail Benachrichtigung. Die Nutzung des<br \/>\nVirenscanners kann nicht deaktiviert werden. Die Nutzung des<br \/>\nVirenscanners stellt keine 100%ige Sicherheit dar, sondern ist ein<br \/>\nBestandteil der pers\u00f6nlichen Sicherheitspolice des Benutzers<\/li>\n<li><em>Spam-Filter: <\/em>Alle<br \/>\n eingehenden E-Mails werden vom System nach bestimmten Begriffen oder<br \/>\nWortkombinationen untersucht. Das Ergebnis der Untersuchung wird in ein<br \/>\nzus\u00e4tzliches sogenanntes Header-Feld in der E-Mail eingetragen.<br \/>\nAnschlie\u00dfend k\u00f6nnen die E-Mails anhand des Header-Feldes automatisiert<br \/>\nin einen speziellen E-Mail-Ordner des zugeordneten Postfaches verschoben<br \/>\n werden. E-Mails, die in den speziellen Ordner verschoben wurden, k\u00f6nnen<br \/>\n automatisiert gel\u00f6scht werden.&nbsp; Diese Funktion des Spam-Filters ist<br \/>\ndurch jeden Nutzer entsprechend den bereitgestellten Funktionen selbst<br \/>\nkonfigurierbar. Der Spam-Filter kann durch den Nutzer jederzeit<br \/>\nabgestellt werden. Einmal gefilterte oder gel\u00f6schte E-Mails k\u00f6nnen nicht<br \/>\n wieder automatisiert in den Eingangskorb verschoben oder wieder<br \/>\nhergestellt werden.<\/li>\n<\/ul>\n<p><\/p>\n<p><\/p>\n<p>Die TH N\u00fcrnberg stellt im Rahmen von<br \/>\nServiceangeboten teilweise Hosting-Kapazit\u00e4ten zur Verf\u00fcgung. F\u00fcr die<br \/>\nNutzung dieser Systeme gelten die AGB der TH N\u00fcrnberg.<\/p>\n<p><\/p>\n<p><\/p>\n<p>Die Mitarbeiter der TH N\u00fcrnberg sind zur Verschwiegenheit \u00fcber<br \/>\npersonenbezogene Daten verpflichtet. Eine Weitergabe dieser Daten an<br \/>\nDritte erfolgt nur, wenn dies f\u00fcr die Erf\u00fcllung dienstlicher Aufgaben<br \/>\nnotwendig ist. Solche Dritte sind ebenfalls zur Beachtung des<br \/>\nDatenschutzes der Nutzer verpflichtet.<\/p>\n<p><\/p>\n<p><\/p>\n<p>Alle unter &#8222;*.th-nuernberg.de&#8220; befindlichen Daten, die sich auf<br \/>\nunseren Servern befinden und dort &#8222;gehostet&#8220; (also aufbewahrt) werden,<br \/>\nsind durch Sicherheitssysteme vor dem Zugriff Unberechtigter gesichert.<br \/>\nMitarbeiter der TH N\u00fcrnberg und ihrer System-Dienstleister \u00fcberpr\u00fcfen<br \/>\ndie Wirksamkeit des Schutzes.<\/p>\n<p><\/p>\n<p><\/p>\n<p>Nach Verlassen einer Seite (beispielsweise \u00fcber das Anklicken unserer<br \/>\n Bannerwerbung) k\u00f6nnen von der angeklickten Zielseite Cookies gesetzt<br \/>\nwerden. F\u00fcr diese ist die TH N\u00fcrnberg rechtlich nicht verantwortlich. Zu<br \/>\n der Benutzung solcher Cookies und der darauf gespeicherten<br \/>\nInformationen durch unsere Werbepartner vergleichen Sie bitte deren<br \/>\nDatenschutzerkl\u00e4rungen.<\/p>\n<p><\/p>\n<p><\/p>\n<p>Die TH N\u00fcrnberg weist darauf hin, dass die Nutzung des<br \/>\npersonalisierten Bereiches des Portals grunds\u00e4tzlich immer \u00fcber<br \/>\ngesicherte Zug\u00e4nge erfolgen sollte (VPN). Nur so kann sichergestellt<br \/>\nwerden, dass \u00fcber das Internet \u00fcbertragene personenbezogene Daten<br \/>\nzwischen den Nutzern und den Servern der TH N\u00fcrnberg durch Dritte nicht<br \/>\neingesehen werden k\u00f6nnen.<\/p>\n<p><\/p>\n<p><\/p>\n<p>Alle betriebenen Server, auf denen personenbezogene Daten f\u00fcr die<br \/>\nNutzer der TH N\u00fcrnberg verarbeitet oder erfasst werden, stehen in der<br \/>\nBundesrepublik Deutschland.<\/p>\n<p><\/p>\n<p><\/p>\n<p>Die Sicherheitseinstellungen des Browsers bieten die M\u00f6glichkeit, das<br \/>\n Speichern von Cookies zuzulassen oder zu verbieten. Weitere<br \/>\nInformationen zur Verwendung von Cookies finden sich auch im Internet<br \/>\nauf den Seiten des Bundesamtes f\u00fcr Sicherheit in der Informationstechnik<br \/>\n (<a href=\"http:\/\/www.bsi.de\" target=\"_blank\" rel=\"noreferrer noopener\">www.bsi.de<\/a>).<br \/>\nBeauftragt die TH N\u00fcrnberg f\u00fcr die Durchf\u00fchrung von bestimmten Dienstleistungen<br \/>\nPartnerfirmen, so werden in den Vertr\u00e4gen mit den Partnern die<br \/>\nDatenschutzbestimmungen \u00fcbertragen und die Partner auf die Einhaltung<br \/>\ndes Datenschutzes verpflichtet.<\/p>\n<p><\/p>\n<p><\/p>\n<p><strong>Kontaktaufnahme mit der TH N\u00fcrnberg \u00fcber Kontaktformulare <\/strong>f\u00fcr<br \/>\n Veranstaltungen und\/oder Programme der TH N\u00fcrnberg sowie zur<br \/>\nFehlerkorrektur auf den Webseiten der TH N\u00fcrnberg: Mit unseren<br \/>\nKontaktformularen k\u00f6nnen Sie eine Anfrage oder Nachricht an uns richten.<br \/>\n Damit wir daraufhin Kontakt mit Ihnen aufnehmen k\u00f6nnen, ist die Angabe<br \/>\nIhres Namens und Ihrer E-Mail-Adresse erforderlich. Weitergehende<br \/>\npersonenbezogene Daten k\u00f6nnen Sie uns je nach Formular freiwillig<br \/>\nmitteilen. Eine Nutzung zu einem anderen Zweck oder eine Datenweitergabe<br \/>\n an Dritte findet nicht statt.<\/p>\n<p><\/p>\n<p><\/p>\n<h4 class=\"wp-block-heading\">Veranstaltungen, Presse- und \u00d6ffentlichkeitsarbeit<\/h4>\n<p><\/p>\n<p><\/p>\n<p>Die TH N\u00fcrnberg tritt auch als Organisator oder Mitorganisator diverser Veranstaltungen auf.<br \/>Im<br \/>\n Falle einer Einladung zu oder Teilnahme an einer Veranstaltung<br \/>\nverarbeitet die TH N\u00fcrnberg personenbezogene Daten (Name, Adresse etc.).<br \/>\n Dies kann \u00fcber verschiedene Kommunikationswege erfolgen, z.B. durch<br \/>\nAusf\u00fcllen eines Formulars, eines Webformulars, per E-Mail, per Telefon.<\/p>\n<p><\/p>\n<p><\/p>\n<p>Welche personenbezogenen Daten dabei an die TH N\u00fcrnberg \u00fcbermittelt<br \/>\nwerden, ergibt sich aus dem jeweiligen Formular, der jeweiligen<br \/>\nEingabemaske bzw. den in einem etwaigen Gespr\u00e4ch abgefragten Daten.<\/p>\n<p><\/p>\n<p><\/p>\n<h5 class=\"wp-block-heading\">Datenerhebung von Begleitpersonen <\/h5>\n<p><\/p>\n<p><\/p>\n<p>F\u00fcr die ordnungsgem\u00e4\u00dfe Abwicklung der Veranstaltung werden dabei auch<br \/>\n Daten von Begleitpersonen der eingeladenen Teilnehmer erhoben und<br \/>\nverarbeitet. Diesen stehen ebenso wie allen anderen von Datenerhebungen<br \/>\nBetroffenen die hier genannten Rechte zu, insbesondere auf Auskunft \u00fcber<br \/>\n Art und Umfang der gespeicherten Daten, Widerspruch gegen die<br \/>\nVerarbeitung und L\u00f6schung der Daten. Insofern wird auf die Ausf\u00fchrungen<br \/>\nunter Auskunftsrecht und Berichtigungen verwiesen.<\/p>\n<p><\/p>\n<p><\/p>\n<h5 class=\"wp-block-heading\">Weiteres Verfahren bei diesen Datenerhebungen<\/h5>\n<p><\/p>\n<p><\/p>\n<p>Die personenbezogenen Daten werden nicht unbefugt an Dritte<br \/>\n\u00fcbermittelt, sondern f\u00fcr die interne Verwendung bei der TH N\u00fcrnberg und<br \/>\nf\u00fcr den Zweck der Organisation und Abwicklung von Veranstaltungen (etwa<br \/>\nErstellung von G\u00e4stelisten, Erm\u00f6glichung von Zugangskontrollen etc.)<br \/>\ngespeichert und verarbeitet. Die TH N\u00fcrnberg kann die Weitergabe an<br \/>\neinen oder mehrere Auftragsverarbeiter veranlassen, der die<br \/>\npersonenbezogenen Daten im Auftrag der TH N\u00fcrnberg nur f\u00fcr eine interne<br \/>\nVerwendung, die der TH N\u00fcrnberg zuzurechnen ist, nutzt.<\/p>\n<p><\/p>\n<p><\/p>\n<p>Je nach Art der Veranstaltung tritt die TH N\u00fcrnberg neben einem<br \/>\nweiteren Kooperationspartner als Mitveranstalter auf. In diesen F\u00e4llen<br \/>\nwerden die zu Veranstaltungszwecken erhobenen Daten an unsere<br \/>\nKooperationspartner \u00fcbermittelt, wobei diese die Daten ebenfalls<br \/>\nausschlie\u00dflich zu diesem Zweck der ordnungsgem\u00e4\u00dfen Abwicklung der<br \/>\nVeranstaltung verwenden d\u00fcrfen. Welche Kooperationspartner dies im<br \/>\nEinzelfall sind, wird gesondert im Rahmen der Organisation der<br \/>\nVeranstaltung jeweils mitgeteilt.<\/p>\n<p><\/p>\n<p><\/p>\n<p>Die Daten werden nur so lange gespeichert, wie dies f\u00fcr die<br \/>\nOrganisation und Abwicklung der Veranstaltungen sowie f\u00fcr unsere<br \/>\nAufgabenwahrnehmung im Bereich der \u00d6ffentlichkeitsarbeit erforderlich<br \/>\nist.<\/p>\n<p><\/p>\n<p><\/p>\n<p>Als Empf\u00e4nger von Anschreiben\/Einladungen k\u00f6nnen Sie jederzeit der Zusendung weiterer Anschreiben\/Einladungen widersprechen.<\/p>\n<p><\/p>\n<p><\/p>\n<h5 class=\"wp-block-heading\">Bild-, Ton- und Fotoaufnahmen<\/h5>\n<p><\/p>\n<p><\/p>\n<p>Im Rahmen der Aufgabenwahrnehmung von Presse- und<br \/>\n\u00d6ffentlichkeitsarbeit der TH N\u00fcrnberg werden bei Veranstaltungen und<br \/>\nTerminen ggf. Film-, Ton- und Fotoaufnahmen aufgenommen und verwendet,<br \/>\nauf denen Sie ggf. erkennbar zu sehen sind. Das erstellte Bild- und\/oder<br \/>\n Filmmaterial darf verg\u00fctungsfrei zeitlich, r\u00e4umlich und inhaltlich<br \/>\nunbeschr\u00e4nkt verwertet werden. Dem k\u00f6nnen Sie ebenfalls widersprechen.<br \/>\nBitte nutzen Sie f\u00fcr Ihren Widerspruch genannte Kontaktdaten.<\/p>\n<p><\/p>\n<p><\/p>\n<h4 class=\"wp-block-heading\">Datenschutzhinweis zu den sozialen Medien<\/h4>\n<p><\/p>\n<p><\/p>\n<p>\u00dcber einen Klick auf die Social-Media-Buttons auf den Websites des<br \/>\nInternetangebotes der TH N\u00fcrnberg gelangen Sie zum Auftritt der TH<br \/>\nN\u00fcrnberg in den sozialen Medien. Das Internetangebot der TH N\u00fcrnberg<br \/>\nwird damit verlassen. In den sozialen Netzwerken sind die pers\u00f6nlichen<br \/>\nDaten selbstst\u00e4ndig von jeder Nutzerin und jedem Nutzer zu sch\u00fctzen. Zu<br \/>\nbeachten sind die dortigen Datenschutzbestimmungen sowie die<br \/>\nEinstellungen zur Privatsph\u00e4re.<\/p>\n<p><\/p>\n<p><\/p>\n<p>Und als Erg\u00e4nzung soweit wir personenbezogene Daten in eigener Verantwortung verarbeiten f\u00fcr:<\/p>\n<p><\/p>\n<p><\/p>\n<ul class=\"wp-block-list\">\n<li><a href=\"https:\/\/twitter.com\/TH_Nuernberg\" target=\"_blank\" rel=\"noreferrer noopener\">twitter.com\/TH_Nuernberg<\/a><\/li>\n<li><a href=\"https:\/\/www.youtube.com\/user\/THNuernberg\" target=\"_blank\" rel=\"noreferrer noopener\">www.youtube.com\/user\/THNuernberg<\/a><\/li>\n<li><a href=\"https:\/\/www.facebook.com\/thnuernberg\" target=\"_blank\" rel=\"noreferrer noopener\">www.facebook.com\/thnuernberg<\/a><\/li>\n<li><a href=\"https:\/\/www.instagram.com\/th_nuernberg\/\" target=\"_blank\" rel=\"noreferrer noopener\">www.instagram.com\/th_nuernberg\/<\/a><\/li>\n<li><a href=\"https:\/\/www.xing.com\/companies\/technischehochschulen\u00fcrnberg\" target=\"_blank\" rel=\"noreferrer noopener\">www.xing.com\/companies\/technischehochschulen\u00fcrnberg<\/a><\/li>\n<li><a href=\"https:\/\/www.xing.com\/communities\/groups\/th-nuernberg-1054832\" target=\"_blank\" rel=\"noreferrer noopener\">www.xing.com\/communities\/groups\/th-nuernberg-1054832<\/a><\/li>\n<\/ul>\n<p><\/p>\n<p><\/p>\n<p>Wir<br \/>\n gehen derzeit davon aus, dass wir keine datenschutzrechtliche<br \/>\nMitverantwortung unterliegen, soweit Ihre Daten durch diese Anbieter zu<br \/>\nvon diesen festgelegten Zwecken verarbeitet werden.<\/p>\n<p><\/p>\n<p><\/p>\n<h4 class=\"wp-block-heading\">Zwecke und Rechtsgrundlagen der Verarbeitung nach Art. 6 DSGVO<\/h4>\n<p><\/p>\n<p><\/p>\n<p>Wir bieten gem\u00e4\u00df Art. 2 Abs. 6 BayHSchG, Art. 4 Abs. 1 S. 1 und 2<br \/>\nBayEGovG auf unseren Webseiten unsere Dienste und Verwaltungsleistungen<br \/>\nsowie Informationen f\u00fcr die \u00d6ffentlichkeit \u00fcber unsere T\u00e4tigkeit.<\/p>\n<p><\/p>\n<p><\/p>\n<p>Unsere Social Media Auftritte sind Teil unserer<br \/>\n\u00d6ffentlichkeitsarbeit. Unser Bestreben ist es, zielgruppengerecht zu<br \/>\ninformieren und sich mit Ihnen auszutauschen, Art. 2 Abs. 6 BayHSchG.<br \/>\nWir erm\u00f6glichen Ihnen eine schnelle elektronische Kontaktaufnahme und<br \/>\nunmittelbare Kommunikation \u00fcber die Medien Ihrer Wahl, \u00a7 5 Abs. 1 Nr. 2<br \/>\nTMG. <\/p>\n<p><\/p>\n<p><\/p>\n<p>Inhalte und Beitr\u00e4ge, Anfragen, die Rechte Dritter verletzen oder die<br \/>\n den Tatbestand einer Straftat oder Ordnungswidrigkeit erf\u00fcllen,<br \/>\ngesetzlichen oder vertraglichen Verhaltenspflicht nicht entsprechen,<br \/>\nlegen wir durch \u00dcbermittlung an die zust\u00e4ndige Beh\u00f6rde bzw. dem<br \/>\nSocial-Media-Dienst offen und blockieren oder l\u00f6schen diese.<\/p>\n<p><\/p>\n<p><\/p>\n<p>Cookies, Protokolldateien, Statistiken der Social Media Anbieter, und<br \/>\n das Webanalyse-Tool Matomo verwenden wir zur Erstellung von<br \/>\nGesch\u00e4ftsstatistiken, zur Durchf\u00fchrung von Organisationsuntersuchungen,<br \/>\nzur Pr\u00fcfung oder Wartung unseres Webdienstes und zur Gew\u00e4hrleistung der<br \/>\nNetz- und Informationssicherheit gem\u00e4\u00df Art. 6 Abs. 1 BayDSG, \u00a7 13 Abs. 7<br \/>\n TMG, Art. 11 Abs. 1 BayEGovG. Soweit der Verarbeitungszweck nicht<br \/>\nbeeintr\u00e4chtigt wird, anonymisieren oder pseudonymisieren wir<br \/>\npersonenbezogene Daten.<\/p>\n<p><\/p>\n<p><\/p>\n<h4 class=\"wp-block-heading\">Auskunftsrecht und Berichtigungen<\/h4>\n<p><\/p>\n<p><\/p>\n<p>Nach der Datenschutz-Grundverordnung stehen Ihnen folgende Rechte zu:<\/p>\n<p><\/p>\n<p><\/p>\n<ul class=\"wp-block-list\">\n<li>Werden<br \/>\n Ihre personenbezogenen Daten verarbeitet, so haben Sie das Recht,<br \/>\nAuskunft \u00fcber die zu Ihrer Person gespeicherten Daten zu erhalten (Art.<br \/>\n15 DSGVO).<\/li>\n<li>Sollten unrichtige personenbezogene Daten verarbeitet werden, steht Ihnen ein Recht auf Berichtigung zu (Art. 16 DSGVO).<\/li>\n<li>Liegen<br \/>\n die gesetzlichen Voraussetzungen vor, so k\u00f6nnen Sie die L\u00f6schung oder<br \/>\nEinschr\u00e4nkung der Verarbeitung verlangen sowie Widerspruch gegen die<br \/>\nVerarbeitung einlegen (Art. 17, 18 und 21 DSGVO).<\/li>\n<li>Wenn Sie in<br \/>\ndie Datenverarbeitung eingewilligt haben oder ein Vertrag zur<br \/>\nDatenverarbeitung besteht und die Datenverarbeitung mithilfe<br \/>\nautomatisierter Verfahren durchgef\u00fchrt wird, steht Ihnen gegebenenfalls<br \/>\nein Recht auf Daten\u00fcbertragbarkeit zu (Art. 20 DSGVO).<\/li>\n<\/ul>\n<p><\/p>\n<p><\/p>\n<p>Bei<br \/>\nweiteren Fragen zur Erhebung von personenbezogenen Daten steht Ihnen<br \/>\nnach EU-DSGVO der Datenschutzbeauftragte der Hochschule zur Verf\u00fcgung.<\/p>\n<p><\/p>\n<p><\/p>\n<p>Sollten Sie von Ihren oben genannten Rechten Gebrauch machen, pr\u00fcft<br \/>\ndie \u00f6ffentliche Stelle, ob die gesetzlichen Voraussetzungen hierf\u00fcr<br \/>\nerf\u00fcllt sind.<\/p>\n<p><\/p>\n<p><\/p>\n<p>Weiterhin besteht ein Beschwerderecht beim Bayerischen Landesbeauftragten f\u00fcr den Datenschutz.<\/p>\n<p><\/p>\n<p><\/p>\n<p>Wir k\u00fcmmern uns um die Einhaltung der Datenschutzbestimmungen in<br \/>\nallen Bereichen unserer Plattform und unserer Hochschule. Wenn Sie<br \/>\nFragen haben, k\u00f6nnen Sie sich auch direkt an uns wenden: <strong><em>datenschutz@th-nuernberg.de<\/em><\/strong><\/p>\n<p>Stand: 26. November 2020<br \/><strong><em>Datenschutzbeauftragter der Hochschule<\/em><\/strong><\/p>\n<p><\/p>\n","protected":false},"excerpt":{"rendered":"<p>Dies ist die Datenschutzerkl\u00e4rung von: Technische Hochschule N\u00fcrnberg Georg Simon OhmKe\u00dflerplatz 1290489 N\u00fcrnberg&#8211; im folgenden TH N\u00fcrnberg genannt &#8211; Die TH N\u00fcrnberg nimmt den Datenschutz ernst. Die Erhebung Ihrer Daten erfolgt im Rahmen der gesetzlichen Vorschriften. \u00dcber diese k\u00f6nnen Sie sich unter www.datenschutz.de umfassend informieren. Der Datenschutzbeauftragte der TH N\u00fcrnberg, Dr. Lars Kulke, ist erreichbar [&hellip;]<\/p>\n","protected":false},"author":5,"featured_media":0,"parent":0,"menu_order":0,"comment_status":"closed","ping_status":"closed","template":"","meta":{"inline_featured_image":false,"footnotes":""},"class_list":["post-303","page","type-page","status-publish"],"_links":{"self":[{"href":"https:\/\/www.studiengangstest.de\/intervention\/index.php\/wp-json\/wp\/v2\/pages\/303","targetHints":{"allow":["GET"]}}],"collection":[{"href":"https:\/\/www.studiengangstest.de\/intervention\/index.php\/wp-json\/wp\/v2\/pages"}],"about":[{"href":"https:\/\/www.studiengangstest.de\/intervention\/index.php\/wp-json\/wp\/v2\/types\/page"}],"author":[{"embeddable":true,"href":"https:\/\/www.studiengangstest.de\/intervention\/index.php\/wp-json\/wp\/v2\/users\/5"}],"replies":[{"embeddable":true,"href":"https:\/\/www.studiengangstest.de\/intervention\/index.php\/wp-json\/wp\/v2\/comments?post=303"}],"version-history":[{"count":6,"href":"https:\/\/www.studiengangstest.de\/intervention\/index.php\/wp-json\/wp\/v2\/pages\/303\/revisions"}],"predecessor-version":[{"id":376,"href":"https:\/\/www.studiengangstest.de\/intervention\/index.php\/wp-json\/wp\/v2\/pages\/303\/revisions\/376"}],"wp:attachment":[{"href":"https:\/\/www.studiengangstest.de\/intervention\/index.php\/wp-json\/wp\/v2\/media?parent=303"}],"curies":[{"name":"wp","href":"https:\/\/api.w.org\/{rel}","templated":true}]}}