{"id":301,"date":"2021-01-16T19:21:46","date_gmt":"2021-01-16T18:21:46","guid":{"rendered":"https:\/\/ki-osa.informatik.fh-nuernberg.de\/intervention\/?page_id=301"},"modified":"2021-01-18T15:55:21","modified_gmt":"2021-01-18T14:55:21","slug":"impressum","status":"publish","type":"page","link":"https:\/\/www.studiengangstest.de\/intervention\/index.php\/impressum\/","title":{"rendered":"Impressum"},"content":{"rendered":"<p><\/p>\n<p><b>Herausgeber<\/b><br \/>\nDas Internetangebot  der Technischen Hochschule N\u00fcrnberg Georg Simon Ohm wird im Auftrag des Pr\u00e4sidenten der Hochschule, Prof. Dr. Niels Oberbeck, ver\u00f6ffentlicht.<\/p>\n<p><\/p>\n<p><\/p>\n<p><b>Anschrift<\/b><br \/>\nFakult\u00e4t Informatik<br \/>Technische Hochschule N\u00fcrnberg<br \/>Georg Simon Ohm<br \/>Hohfederstra\u00dfe 40<br \/>90489 N\u00fcrnberg<br \/>Tel 0911-5880-1614<br \/>Fax 0911-5880-5666<br \/>Email: <a href= \"mailto:info@th-nuernberg.de\">datenschutz@th-nuernberg.de<\/a><br \/>Internet: <a href=\"www.th-nuernberg.de\" target=\"_blank\" rel=\"noopener\">www.th-nuernberg.de<\/a><\/p>\n<p><\/p>\n<p><\/p>\n<p><b>Kontaktperson f\u00fcr den Inhalt<\/b><br \/>\nWebredaktion der Hochschulkommunikation der TH N\u00fcrnberg<br \/>Tel 0911-5880-4101<br \/>Fax 0911-5880-8222<br \/>Email: <a href= \"mailto:presse@th-nuernberg.de\">presse@th-nuernberg.de<\/a><br \/>\nRedaktionell verantwortlich f\u00fcr die Einzelthemen sind die auf den einzelnen Informationsseiten genannten Ansprechpartner*innen oder Einrichtungen der TH N\u00fcrnberg. Die redaktionelle Bearbeitung der Inhalte erfolgt durch die jeweils zust\u00e4ndigen Fakult\u00e4ten und Einrichtungen der TH N\u00fcrnberg.<\/p>\n<p><\/p>\n<p><\/p>\n<p><b>Zust\u00e4ndige Aufsichtsbeh\u00f6rde<\/b><br \/>\nBayerisches Staatsministerium f\u00fcr Wissenschaft und Kunst<br \/>\nSalvatorstra\u00dfe 2<br \/>\n80333 M\u00fcnchen<br \/>Internet: <a href=\"www.stmwk.bayern.de\" target=\"_blank\" rel=\"noopener\">www.stmwk.bayern.de<\/a><\/p>\n<p><\/p>\n<p><\/p>\n<p><b>Umsatzsteueridentifikationsnummer<\/b><br \/>\nDE 222 858 358 (gem\u00e4\u00df \u00a7 27a Umsatzsteuergesetz)<\/p>\n<p><\/p>\n<p><\/p>\n<p><b>Nutzungsbedingungen<\/b><br \/>\nTexte, Bilder, Grafiken sowie die Gestaltung dieser Internetseiten k\u00f6nnen dem Urheberrecht unterliegen.<br \/>\nNicht urheberrechtlich gesch\u00fctzt sind nach \u00a7 5 des Urheberrechtsgesetzes (UrhG)<br \/>\nGesetze, Verordnungen, amtliche Erlasse und Bekanntmachungen sowie Entscheidungen und amtlich verfasste Leits\u00e4tze zu Entscheidungen und andere amtliche Werke, die im amtlichen Interesse zur allgemeinen Kenntnisnahme ver\u00f6ffentlicht worden sind, mit der Einschr\u00e4nkung, dass die Bestimmungen \u00fcber \u00c4nderungsverbot und Quellenangabe in \u00a7 62 Abs. 1 bis 3 und \u00a7 63 Abs. 1 und 2 UrhG entsprechend anzuwenden sind.<\/p>\n<p>Als Privatperson d\u00fcrfen Sie urheberrechtlich gesch\u00fctztes Material zum privaten und sonstigen eigenen Gebrauch im Rahmen des  \u00a7 53 Urheberrechtsgesetz (UrhG)   verwenden. Eine Vervielf\u00e4ltigung oder Verwendung urheberrechtlich gesch\u00fctzten Materials dieser Seiten oder Teilen davon in anderen elektronischen oder gedruckten Publikationen und deren Ver\u00f6ffentlichung ist nur mit unserer Einwilligung gestattet. Diese erteilen auf Anfrage die f\u00fcr den Inhalt Verantwortlichen. Der Nachdruck und die Auswertung von Pressemitteilungen und Reden sind mit Quellenangabe allgemein gestattet.<\/p>\n<p>Weiterhin k\u00f6nnen Texte, Bilder, Grafiken und sonstige Dateien ganz oder teilweise dem Urheberrecht Dritter unterliegen. Auch \u00fcber das Bestehen m\u00f6glicher Rechte Dritter geben Ihnen die f\u00fcr den Inhalt Verantwortlichen n\u00e4here Ausk\u00fcnfte.<\/p>\n<p><\/p>\n<p><\/p>\n<p><b>Haftungsausschluss<\/b><br \/>\nDie Inhalte dieses Internetangebotes und die bereitgestellten Informationen sind sorgf\u00e4ltig recherchiert und nach bestem Wissen und Gewissen erarbeitet und gepr\u00fcft. In regelm\u00e4\u00dfigen Abst\u00e4nden werden sie \u00fcberpr\u00fcft, berichtigt, erg\u00e4nzt und aktualisiert.  Dennoch kann die Technische Hochschule N\u00fcrnberg Georg Simon Ohm keine Gew\u00e4hr f\u00fcr die Aktualit\u00e4t, Richtigkeit, Vollst\u00e4ndigkeit, rechtliche Unbedenklichkeit, Qualit\u00e4t und jederzeitige Verf\u00fcgbarkeit der bereitgestellten Informationen \u00fcbernehmen.<\/p>\n<p>Es wird nicht gehaftet f\u00fcr Sch\u00e4den oder sonstige Konsequenzen, die durch die direkte oder indirekte Nutzung oder Nichtnutzung der im Internetangebot der Technischen Hochschule N\u00fcrnberg Georg Simon Ohm angebotenen Informationen entstehen. Der Haftungsausschluss gilt nicht, soweit die Vorschriften des \u00a7 839 BGB (Haftung bei Amtspflichtverletzung) einschl\u00e4gig sind. F\u00fcr etwaige Sch\u00e4den, die beim Aufrufen oder Herunterladen von Daten durch Computerviren, Manipulations- oder sonstige Schadsoftware oder bei der Installation oder Nutzung von Software oder Daten verursacht werden, wird nicht gehaftet.<br \/>\nNamentlich gekennzeichnete Internetseiten oder Inhalte geben die Auffassungen und Erkenntnisse der abfassenden Personen wieder.<\/p>\n<p>Als Diensteanbieter sind wir gem\u00e4\u00df \u00a7 7 Abs.1 TMG f\u00fcr eigene Inhalte auf diesen Seiten nach den allgemeinen Gesetzen verantwortlich. Nach \u00a7 8 bis 10 TMG sind wir als Diensteanbieter jedoch nicht verpflichtet, \u00fcbermittelte oder gespeicherte fremde Informationen zu \u00fcberwachen oder nach Umst\u00e4nden zu forschen, die auf eine rechtswidrige T\u00e4tigkeit hinweisen. Verpflichtungen zur Entfernung oder Sperrung der Nutzung von Informationen nach den allgemeinen Gesetzen bleiben hiervon unber\u00fchrt. Eine diesbez\u00fcgliche Haftung ist jedoch erst ab dem Zeitpunkt der Kenntnis einer konkreten Rechtsverletzung m\u00f6glich. Bei Bekanntwerden von entsprechenden Rechtsverletzungen werden wir diese Inhalte umgehend entfernen.<\/p>\n<p>Die Technische Hochschule N\u00fcrnberg Georg Simon Ohm beh\u00e4lt es sich ausdr\u00fccklich vor, einzelne Webseiten oder das gesamte Internetangebot ohne gesonderte Ank\u00fcndigung zu ver\u00e4ndern, zu erg\u00e4nzen, zu l\u00f6schen oder die Ver\u00f6ffentlichung zeitweise oder endg\u00fcltig einzustellen.<\/p>\n<p><\/p>\n<p><\/p>\n<p><b>Links<\/b><br \/>\nVon unseren eigenen Inhalten sind Querverweise (\u201eLinks\u201c) auf die Webseiten anderer Anbieter zu unterscheiden. Durch diese Links erm\u00f6glichen wir lediglich den Zugang zur Nutzung fremder Inhalte nach \u00a7 8 Telemediengesetz. Bei der erstmaligen Verkn\u00fcpfung mit diesen Internetangeboten haben wir diese fremden Inhalte daraufhin \u00fcberpr\u00fcft, ob durch sie eine m\u00f6gliche zivilrechtliche oder strafrechtliche Verantwortlichkeit ausgel\u00f6st wird. Wir k\u00f6nnen diese fremden Inhalte aber nicht st\u00e4ndig auf Ver\u00e4nderungen \u00fcberpr\u00fcfen und daher auch keine Verantwortung daf\u00fcr \u00fcbernehmen. F\u00fcr illegale, fehlerhafte oder unvollst\u00e4ndige Inhalte und insbesondere f\u00fcr Sch\u00e4den, die aus der Nutzung oder Nichtnutzung von Informationen Dritter entstehen, haftet allein der jeweilige Anbieter der Seite.<\/p>\n<p><\/p>\n<p><\/p>\n<p><b>Urheberrecht \/ Copyright<\/b><br \/>\nDie Kopie und die Weiterverwendung von Text und Graphik erfordert die Zustimmung der Technischen Hochschule N\u00fcrnberg Georg Simon Ohm. Zudem gilt zu beachten, dass Bilder, Graphiken, Text- oder sonstige Dateien ganz oder teilweise dem Urheberrecht Dritter unterliegen.<\/p>\n<p><\/p>\n<p><\/p>\n<p><b>Rechtswirksamkeit der vorstehenden Bestimmungen<\/b><br \/>\nDie vorstehenden Bestimmungen, insb. die vorstehend bestimmten Haftungs- und Gew\u00e4hrleistungsausschl\u00fcsse, gelten, soweit nicht ein anderes bestimmt ist, f\u00fcr jedes von der Technischen Hochschule N\u00fcrnberg Georg Simon Ohm betriebene Internetangebot und sind als Teil des Internetangebotes zu betrachten, von dem aus auf diese Seite verwiesen wurde. Sofern einzelne oder mehrere Regelungen der vorstehenden Bestimmungen der geltenden Rechtslage nicht, nicht mehr oder nicht vollst\u00e4ndig entsprechen sollten, bleiben die \u00fcbrigen Regelungen der vorstehenden Bestimmungen in ihrem Inhalt und ihrer G\u00fcltigkeit davon unber\u00fchrt.<\/p>\n<p><\/p>\n<p><\/p>\n<p><b>Gerichtsstand<\/b><br \/>\nAlle aus dieser Website entstehenden Rechtsstreitigkeiten unterliegen ausschlie\u00dflich deutschem Recht.<\/p>\n<p><\/p>\n<p><\/p>\n<p><i>Ge\u00e4ndert: 24. November 2020<\/i><\/p>\n<p><\/p>\n","protected":false},"excerpt":{"rendered":"<p>Herausgeber Das Internetangebot der Technischen Hochschule N\u00fcrnberg Georg Simon Ohm wird im Auftrag des Pr\u00e4sidenten der Hochschule, Prof. Dr. Niels Oberbeck, ver\u00f6ffentlicht. Anschrift Fakult\u00e4t InformatikTechnische Hochschule N\u00fcrnbergGeorg Simon OhmHohfederstra\u00dfe 4090489 N\u00fcrnbergTel 0911-5880-1614Fax 0911-5880-5666Email: datenschutz@th-nuernberg.deInternet: www.th-nuernberg.de Kontaktperson f\u00fcr den Inhalt Webredaktion der Hochschulkommunikation der TH N\u00fcrnbergTel 0911-5880-4101Fax 0911-5880-8222Email: presse@th-nuernberg.de Redaktionell verantwortlich f\u00fcr die Einzelthemen sind die [&hellip;]<\/p>\n","protected":false},"author":5,"featured_media":0,"parent":0,"menu_order":0,"comment_status":"closed","ping_status":"closed","template":"","meta":{"inline_featured_image":false,"footnotes":""},"class_list":["post-301","page","type-page","status-publish"],"_links":{"self":[{"href":"https:\/\/www.studiengangstest.de\/intervention\/index.php\/wp-json\/wp\/v2\/pages\/301","targetHints":{"allow":["GET"]}}],"collection":[{"href":"https:\/\/www.studiengangstest.de\/intervention\/index.php\/wp-json\/wp\/v2\/pages"}],"about":[{"href":"https:\/\/www.studiengangstest.de\/intervention\/index.php\/wp-json\/wp\/v2\/types\/page"}],"author":[{"embeddable":true,"href":"https:\/\/www.studiengangstest.de\/intervention\/index.php\/wp-json\/wp\/v2\/users\/5"}],"replies":[{"embeddable":true,"href":"https:\/\/www.studiengangstest.de\/intervention\/index.php\/wp-json\/wp\/v2\/comments?post=301"}],"version-history":[{"count":14,"href":"https:\/\/www.studiengangstest.de\/intervention\/index.php\/wp-json\/wp\/v2\/pages\/301\/revisions"}],"predecessor-version":[{"id":392,"href":"https:\/\/www.studiengangstest.de\/intervention\/index.php\/wp-json\/wp\/v2\/pages\/301\/revisions\/392"}],"wp:attachment":[{"href":"https:\/\/www.studiengangstest.de\/intervention\/index.php\/wp-json\/wp\/v2\/media?parent=301"}],"curies":[{"name":"wp","href":"https:\/\/api.w.org\/{rel}","templated":true}]}}